{"id":272,"date":"2020-07-31T12:06:26","date_gmt":"2020-07-31T10:06:26","guid":{"rendered":"http:\/\/garagelocars.fr\/?page_id=272"},"modified":"2020-07-31T12:23:05","modified_gmt":"2020-07-31T10:23:05","slug":"rendez-vous","status":"publish","type":"page","link":"https:\/\/garagelocars.fr\/?page_id=272","title":{"rendered":"Rendez-vous"},"content":{"rendered":"\n<p>Le Garage LOCA.RS vous propose d&#8217;effectuer une demande de rendez-vous. <\/p>\n\n\n\n<div role=\"form\" class=\"wpcf7\" id=\"wpcf7-f271-o1\" lang=\"fr-FR\" dir=\"ltr\">\n<div class=\"screen-reader-response\"><p role=\"status\" aria-live=\"polite\" aria-atomic=\"true\"><\/p> <ul><\/ul><\/div>\n<form action=\"\/index.php?rest_route=%2Fwp%2Fv2%2Fpages%2F272#wpcf7-f271-o1\" method=\"post\" class=\"wpcf7-form init\" novalidate=\"novalidate\" data-status=\"init\">\n<div style=\"display: none;\">\n<input type=\"hidden\" name=\"_wpcf7\" value=\"271\" \/>\n<input type=\"hidden\" name=\"_wpcf7_version\" value=\"5.6.2\" \/>\n<input type=\"hidden\" name=\"_wpcf7_locale\" value=\"fr_FR\" \/>\n<input type=\"hidden\" name=\"_wpcf7_unit_tag\" value=\"wpcf7-f271-o1\" \/>\n<input type=\"hidden\" name=\"_wpcf7_container_post\" value=\"0\" \/>\n<input type=\"hidden\" name=\"_wpcf7_posted_data_hash\" value=\"\" \/>\n<\/div>\n<p><label> Objet (obligatoire)<br \/>\n<span class=\"wpcf7-form-control-wrap\" data-name=\"Objet\"><select name=\"Objet[]\" class=\"wpcf7-form-control wpcf7-select wpcf7-validates-as-required\" aria-required=\"true\" aria-invalid=\"false\" multiple=\"multiple\"><option value=\"\">---<\/option><option value=\"Carrosserie - Peinture\">Carrosserie - Peinture<\/option><option value=\"Conciergerie\">Conciergerie<\/option><option value=\"Distribution\">Distribution<\/option><option value=\"Freinage\">Freinage<\/option><option value=\"M\u00e9canique\">M\u00e9canique<\/option><option value=\"Pneumatique\">Pneumatique<\/option><option value=\"Pr\u00e9paration et passage au contr\u00f4le technique\">Pr\u00e9paration et passage au contr\u00f4le technique<\/option><option value=\"Restauration\">Restauration<\/option><option value=\"R\u00e9vision\">R\u00e9vision<\/option><\/select><\/span><\/label><\/p>\n<p><label> Votre plaque d'immatriculation (obligatoire)<br \/>\n    <span class=\"wpcf7-form-control-wrap\" data-name=\"Plaquedimmatriculation\"><input type=\"text\" name=\"Plaquedimmatriculation\" value=\"\" size=\"40\" class=\"wpcf7-form-control wpcf7-text wpcf7-validates-as-required\" aria-required=\"true\" aria-invalid=\"false\" \/><\/span> <\/label><\/p>\n<p><label> Votre nom (obligatoire)<br \/>\n    <span class=\"wpcf7-form-control-wrap\" data-name=\"your-name\"><input type=\"text\" name=\"your-name\" value=\"\" size=\"40\" class=\"wpcf7-form-control wpcf7-text wpcf7-validates-as-required\" aria-required=\"true\" aria-invalid=\"false\" \/><\/span> <\/label><\/p>\n<p><label> Votre adresse de messagerie (obligatoire)<br \/>\n    <span class=\"wpcf7-form-control-wrap\" data-name=\"your-email\"><input type=\"email\" name=\"your-email\" value=\"\" size=\"40\" class=\"wpcf7-form-control wpcf7-text wpcf7-email wpcf7-validates-as-required wpcf7-validates-as-email\" aria-required=\"true\" aria-invalid=\"false\" \/><\/span> <\/label><\/p>\n<p><label> Votre num\u00e9ro de t\u00e9l\u00e9phone (obligatoire)<br \/>\n    <span class=\"wpcf7-form-control-wrap\" data-name=\"Numrodetlphone\"><input type=\"tel\" name=\"Numrodetlphone\" value=\"\" size=\"40\" class=\"wpcf7-form-control wpcf7-text wpcf7-tel wpcf7-validates-as-required wpcf7-validates-as-tel\" aria-required=\"true\" aria-invalid=\"false\" \/><\/span> <\/label><\/p>\n<p><label> Avez-vous un commentaire \u00e0 ajouter ?<br \/>\n   <span class=\"wpcf7-form-control-wrap\" data-name=\"Commentaire\"><textarea name=\"Commentaire\" cols=\"40\" rows=\"10\" class=\"wpcf7-form-control wpcf7-textarea\" aria-invalid=\"false\"><\/textarea><\/span> <\/label><\/p>\n<p><input type=\"submit\" value=\"Envoyer\" class=\"wpcf7-form-control has-spinner wpcf7-submit\" \/><\/p>\n<div class=\"wpcf7-response-output\" aria-hidden=\"true\"><\/div><\/form><\/div>\n","protected":false},"excerpt":{"rendered":"<p>Le Garage LOCA.RS vous propose d&#8217;effectuer une demande de rendez-vous.<\/p>\n","protected":false},"author":1,"featured_media":0,"parent":0,"menu_order":0,"comment_status":"closed","ping_status":"closed","template":"","meta":{"footnotes":""},"class_list":["post-272","page","type-page","status-publish","hentry"],"_links":{"self":[{"href":"https:\/\/garagelocars.fr\/index.php?rest_route=\/wp\/v2\/pages\/272"}],"collection":[{"href":"https:\/\/garagelocars.fr\/index.php?rest_route=\/wp\/v2\/pages"}],"about":[{"href":"https:\/\/garagelocars.fr\/index.php?rest_route=\/wp\/v2\/types\/page"}],"author":[{"embeddable":true,"href":"https:\/\/garagelocars.fr\/index.php?rest_route=\/wp\/v2\/users\/1"}],"replies":[{"embeddable":true,"href":"https:\/\/garagelocars.fr\/index.php?rest_route=%2Fwp%2Fv2%2Fcomments&post=272"}],"version-history":[{"count":3,"href":"https:\/\/garagelocars.fr\/index.php?rest_route=\/wp\/v2\/pages\/272\/revisions"}],"predecessor-version":[{"id":277,"href":"https:\/\/garagelocars.fr\/index.php?rest_route=\/wp\/v2\/pages\/272\/revisions\/277"}],"wp:attachment":[{"href":"https:\/\/garagelocars.fr\/index.php?rest_route=%2Fwp%2Fv2%2Fmedia&parent=272"}],"curies":[{"name":"wp","href":"https:\/\/api.w.org\/{rel}","templated":true}]}}