{"id":8,"date":"2020-05-28T17:09:37","date_gmt":"2020-05-28T15:09:37","guid":{"rendered":"http:\/\/garagelocars.fr\/?page_id=8"},"modified":"2020-08-01T15:40:10","modified_gmt":"2020-08-01T13:40:10","slug":"contact","status":"publish","type":"page","link":"https:\/\/garagelocars.fr\/?page_id=8","title":{"rendered":"Contact"},"content":{"rendered":"\n<div class=\"wp-block-columns is-layout-flex wp-container-core-columns-is-layout-1 wp-block-columns-is-layout-flex\">\n<div class=\"wp-block-column is-vertically-aligned-top is-layout-flow wp-block-column-is-layout-flow\">\n<div class=\"wp-block-group\"><div class=\"wp-block-group__inner-container is-layout-flow wp-block-group-is-layout-flow\">\n<p style=\"color:#cc3333\" class=\"has-text-color\"><strong>GARAGE LOCA RS<\/strong><\/p>\n<\/div><\/div>\n\n\n\n<p>ZA de Terre Neuve<\/p>\n\n\n\n<p>501 Route des Ch\u00eanes<\/p>\n\n\n\n<p>73 200 GILLY SUR IS\u00c8RE<\/p>\n\n\n\n<p>T\u00e9l\u00e9phone : 04 79 37 15 66<\/p>\n\n\n\n<p>Email : garage.locars@gmail.com<\/p>\n<\/div>\n\n\n\n<div class=\"wp-block-column is-layout-flow wp-block-column-is-layout-flow\">\n<div class=\"wp-block-image\"><figure class=\"aligncenter size-large is-resized\"><img loading=\"lazy\" decoding=\"async\" src=\"http:\/\/garagelocars.fr\/wp-content\/uploads\/2020\/08\/PLAN-1024x1024.png\" alt=\"\" class=\"wp-image-313\" width=\"304\" height=\"304\"\/><\/figure><\/div>\n<\/div>\n<\/div>\n\n\n\n<p style=\"color:#cc3333\" class=\"has-text-color\"><strong>PLAN<\/strong><\/p>\n\n\n\n<figure><iframe loading=\"lazy\" src=\"https:\/\/www.google.com\/maps\/embed?pb=!1m18!1m12!1m3!1d2789.252226035081!2d6.354530315350124!3d45.64575632933185!2m3!1f0!2f0!3f0!3m2!1i1024!2i768!4f13.1!3m3!1m2!1s0x478bc51dcd03456f%3A0xc26d73e8978b4e98!2sGarage%20LOCA%20RS!5e0!3m2!1sfr!2sfr!4v1596288985217!5m2!1sfr!2sfr\" width=\"600\" height=\"450\" allowfullscreen=\"\"><\/iframe><\/figure>\n\n\n\n<p style=\"color:#cc3333\" class=\"has-text-color\"><strong>CONTACTEZ-NOUS<\/strong><\/p>\n\n\n\n<div role=\"form\" class=\"wpcf7\" id=\"wpcf7-f47-o1\" lang=\"fr-FR\" dir=\"ltr\">\n<div class=\"screen-reader-response\"><p role=\"status\" aria-live=\"polite\" aria-atomic=\"true\"><\/p> <ul><\/ul><\/div>\n<form action=\"\/index.php?rest_route=%2Fwp%2Fv2%2Fpages%2F8#wpcf7-f47-o1\" method=\"post\" class=\"wpcf7-form init\" novalidate=\"novalidate\" data-status=\"init\">\n<div style=\"display: none;\">\n<input type=\"hidden\" name=\"_wpcf7\" value=\"47\" \/>\n<input type=\"hidden\" name=\"_wpcf7_version\" value=\"5.6.2\" \/>\n<input type=\"hidden\" name=\"_wpcf7_locale\" value=\"fr_FR\" \/>\n<input type=\"hidden\" name=\"_wpcf7_unit_tag\" value=\"wpcf7-f47-o1\" \/>\n<input type=\"hidden\" name=\"_wpcf7_container_post\" value=\"0\" \/>\n<input type=\"hidden\" name=\"_wpcf7_posted_data_hash\" value=\"\" \/>\n<\/div>\n<p><label> Votre nom (obligatoire)<br \/>\n    <span class=\"wpcf7-form-control-wrap\" data-name=\"your-name\"><input type=\"text\" name=\"your-name\" value=\"\" size=\"40\" class=\"wpcf7-form-control wpcf7-text wpcf7-validates-as-required\" aria-required=\"true\" aria-invalid=\"false\" \/><\/span> <\/label><\/p>\n<p><label> Votre num\u00e9ro de t\u00e9l\u00e9phone (obligatoire)<br \/>\n<span class=\"wpcf7-form-control-wrap\" data-name=\"Numrodetlphone\"><input type=\"tel\" name=\"Numrodetlphone\" value=\"\" size=\"40\" class=\"wpcf7-form-control wpcf7-text wpcf7-tel wpcf7-validates-as-required wpcf7-validates-as-tel\" aria-required=\"true\" aria-invalid=\"false\" \/><\/span><\/label><\/p>\n<p><label> Votre adresse de messagerie (obligatoire)<br \/>\n    <span class=\"wpcf7-form-control-wrap\" data-name=\"your-email\"><input type=\"email\" name=\"your-email\" value=\"\" size=\"40\" class=\"wpcf7-form-control wpcf7-text wpcf7-email wpcf7-validates-as-required wpcf7-validates-as-email\" aria-required=\"true\" aria-invalid=\"false\" \/><\/span> <\/label><\/p>\n<p><label> Objet<br \/>\n    <span class=\"wpcf7-form-control-wrap\" data-name=\"your-subject\"><input type=\"text\" name=\"your-subject\" value=\"\" size=\"40\" class=\"wpcf7-form-control wpcf7-text\" aria-invalid=\"false\" \/><\/span> <\/label><\/p>\n<p><label> Votre message<br \/>\n    <span class=\"wpcf7-form-control-wrap\" data-name=\"your-message\"><textarea name=\"your-message\" cols=\"40\" rows=\"10\" class=\"wpcf7-form-control wpcf7-textarea\" aria-invalid=\"false\"><\/textarea><\/span> <\/label><\/p>\n<p><input type=\"submit\" value=\"Envoyer\" class=\"wpcf7-form-control has-spinner wpcf7-submit\" \/><\/p>\n<div class=\"wpcf7-response-output\" aria-hidden=\"true\"><\/div><\/form><\/div>\n\n\n\n<p><\/p>\n","protected":false},"excerpt":{"rendered":"<p>GARAGE LOCA RS ZA de Terre Neuve 501 Route des Ch\u00eanes 73 200 GILLY SUR IS\u00c8RE T\u00e9l\u00e9phone : 04 79 37 15 66 Email : garage.locars@gmail.com PLAN CONTACTEZ-NOUS<\/p>\n","protected":false},"author":1,"featured_media":0,"parent":0,"menu_order":0,"comment_status":"closed","ping_status":"closed","template":"","meta":{"footnotes":""},"class_list":["post-8","page","type-page","status-publish","hentry"],"_links":{"self":[{"href":"https:\/\/garagelocars.fr\/index.php?rest_route=\/wp\/v2\/pages\/8"}],"collection":[{"href":"https:\/\/garagelocars.fr\/index.php?rest_route=\/wp\/v2\/pages"}],"about":[{"href":"https:\/\/garagelocars.fr\/index.php?rest_route=\/wp\/v2\/types\/page"}],"author":[{"embeddable":true,"href":"https:\/\/garagelocars.fr\/index.php?rest_route=\/wp\/v2\/users\/1"}],"replies":[{"embeddable":true,"href":"https:\/\/garagelocars.fr\/index.php?rest_route=%2Fwp%2Fv2%2Fcomments&post=8"}],"version-history":[{"count":26,"href":"https:\/\/garagelocars.fr\/index.php?rest_route=\/wp\/v2\/pages\/8\/revisions"}],"predecessor-version":[{"id":322,"href":"https:\/\/garagelocars.fr\/index.php?rest_route=\/wp\/v2\/pages\/8\/revisions\/322"}],"wp:attachment":[{"href":"https:\/\/garagelocars.fr\/index.php?rest_route=%2Fwp%2Fv2%2Fmedia&parent=8"}],"curies":[{"name":"wp","href":"https:\/\/api.w.org\/{rel}","templated":true}]}}