{"id":98,"date":"2020-06-18T10:18:43","date_gmt":"2020-06-18T08:18:43","guid":{"rendered":"http:\/\/garagelocars.fr\/?page_id=98"},"modified":"2020-08-10T11:42:38","modified_gmt":"2020-08-10T09:42:38","slug":"carrosserie","status":"publish","type":"page","link":"https:\/\/garagelocars.fr\/?page_id=98","title":{"rendered":"Carrosserie"},"content":{"rendered":"\n<p style=\"color:#cc3333\" class=\"has-text-color\"><strong>TOLERIE<\/strong> <\/p>\n\n\n\n<p>Du sablage \u00e0 l&#8217;\u00e9tamage, des phares aux jantes en passant par tous les \u00e9l\u00e9ments de la carrosserie, ainsi que l&#8217;ajustement des diff\u00e9rentes pi\u00e8ces, le Garage LOCA.RS travaille avec toutes les marques et assurances. Oeuvrant dans les r\u00e8gles de l&#8217;art, ce dernier s&#8217;adresse au client particulier mais aussi aux clients professionnel et \u00e0 leur flotte utilitaire. <\/p>\n\n\n\n<p>Nous assurons la relation entre les experts et les assureurs en nous occupant de toutes les formalit\u00e9s. <\/p>\n\n\n\n<p style=\"color:#cc3333\" class=\"has-text-color\"><strong>PEINTURE<\/strong><\/p>\n\n\n\n<p>Grace \u00e0 l&#8217;installation d&#8217;une toute nouvelle cabine de peinture nouvelle g\u00e9n\u00e9ration, &#8220;OMIA LUXIA 700s&#8221;, nous avons internaliser la peinture. Celle-ci nous a permis de respecter les nouvelles normes environnemental. <\/p>\n\n\n\n<p>L&#8217;\u00e9quipe a s\u00e9lectionn\u00e9 divers moyens pour satisfaire chaque automobiliste : <\/p>\n\n\n\n<ul class=\"wp-block-list\"><li>Peinture mat, nacr\u00e9, m\u00e9talis\u00e9, haute brillance ;<\/li><li>Peinture personnalis\u00e9 ; <\/li><li>Polli lustrage ;<\/li><li>R\u00e9novation des phares ; <\/li><li>R\u00e9paration des plastiques ;<\/li><li>Traitement des bas de caisses ;<\/li><li>Accessoires : jantes, \u00e9trier de frein, becquet&#8230;<\/li><\/ul>\n\n\n\n<p><\/p>\n","protected":false},"excerpt":{"rendered":"<p>TOLERIE Du sablage \u00e0 l&#8217;\u00e9tamage, des phares aux jantes en passant par tous les \u00e9l\u00e9ments de la carrosserie, ainsi que l&#8217;ajustement des diff\u00e9rentes pi\u00e8ces, le Garage LOCA.RS travaille avec toutes les marques et assurances. Oeuvrant dans les r\u00e8gles de l&#8217;art, ce dernier s&#8217;adresse au client particulier mais aussi aux clients professionnel et \u00e0 leur flotte [&hellip;]<\/p>\n","protected":false},"author":1,"featured_media":0,"parent":0,"menu_order":0,"comment_status":"closed","ping_status":"closed","template":"","meta":{"footnotes":""},"class_list":["post-98","page","type-page","status-publish","hentry"],"_links":{"self":[{"href":"https:\/\/garagelocars.fr\/index.php?rest_route=\/wp\/v2\/pages\/98"}],"collection":[{"href":"https:\/\/garagelocars.fr\/index.php?rest_route=\/wp\/v2\/pages"}],"about":[{"href":"https:\/\/garagelocars.fr\/index.php?rest_route=\/wp\/v2\/types\/page"}],"author":[{"embeddable":true,"href":"https:\/\/garagelocars.fr\/index.php?rest_route=\/wp\/v2\/users\/1"}],"replies":[{"embeddable":true,"href":"https:\/\/garagelocars.fr\/index.php?rest_route=%2Fwp%2Fv2%2Fcomments&post=98"}],"version-history":[{"count":12,"href":"https:\/\/garagelocars.fr\/index.php?rest_route=\/wp\/v2\/pages\/98\/revisions"}],"predecessor-version":[{"id":334,"href":"https:\/\/garagelocars.fr\/index.php?rest_route=\/wp\/v2\/pages\/98\/revisions\/334"}],"wp:attachment":[{"href":"https:\/\/garagelocars.fr\/index.php?rest_route=%2Fwp%2Fv2%2Fmedia&parent=98"}],"curies":[{"name":"wp","href":"https:\/\/api.w.org\/{rel}","templated":true}]}}